{"id":57,"date":"2025-02-27T09:01:05","date_gmt":"2025-02-27T09:01:05","guid":{"rendered":"https:\/\/vermontmedia.de\/?post_type=product&#038;p=57"},"modified":"2025-08-22T07:25:54","modified_gmt":"2025-08-22T07:25:54","slug":"ferrari-f355","status":"publish","type":"product","link":"https:\/\/vermontmedia.de\/en\/product\/ferrari-f355\/","title":{"rendered":"Ferrari F355"},"content":{"rendered":"<p>For many, the Ferrari F355 is one of the most beautiful sports cars of the 1990s \u2013 not just for its engineering, but for its shape, its presence, and its elegance.<br \/>\nThis book captures exactly that. It contains exclusive photography created specifically for this project \u2013 with a sharp eye for detail and design. You'll find exterior shots, interior perspectives, and technical views \u2013 all carefully composed.<\/p>\n<p>Each image is accompanied by clear, thoughtfully written texts that offer insight into the car\u2019s background: its design approach, different versions, and what makes the Berlinetta and Spider models special.<br \/>\nThis is not a technical manual \u2013 it\u2019s a carefully crafted book for those who don\u2019t just want to drive or collect the F355, but truly understand and experience it.<\/p>","protected":false},"excerpt":{"rendered":"<p>Dieses exklusive Ferrari F355 Buch ist keine reine Technikbibel und enth\u00e4lt auch keine garantierten Zahlen, sondern vermittelt auf einzigartige Weise die \u00c4sthetik, Geschichte und Faszination des Ferrari F355. Alle Informationen wurden nach bestem Wissen und Gewissen zusammengestellt, unter anderem mit Unterst\u00fctzung von Ferrari.<\/p>\n<p>Im Vordergrund steht die Design- und Formensprache dieses legend\u00e4ren Sportwagens, die den Ferrari F355 zu einem der begehrtesten Modelle der Marke macht. Auf eine Abbildung des Ferrari F355 GTS wurde bewusst verzichtet, da sich dieses Modell nach Meinung des Autors nicht grundlegend von der Berlinetta unterscheidet.<\/p>\n<p>Im hinteren Teil des Buches werden besonders jene Leser angesprochen, die sich f\u00fcr die Originalit\u00e4t und Authentizit\u00e4t klassischer Ferrari Fahrzeuge interessieren. Hierbei wird detailliert auf die Vorgehensweise von Ferrari eingegangen, wenn f\u00fcr ein Fahrzeug ein offizielles Ferrari Classiche-Zertifikat (das ber\u00fchmte rote Buch im roten Schuber) erstellt werden soll.<\/p>\n<p>Dieses hochwertige Sammlerbuch f\u00fcr Ferrari-Enthusiasten, Oldtimer-Liebhaber und Sportwagen-Fans eignet sich ideal als Geschenk oder Erg\u00e4nzung jeder Automobil-Bibliothek. Ob f\u00fcr Ferrari F355 Besitzer, Motorsport-Freunde oder Design-Interessierte \u2013 dieses Werk bietet spannende Einblicke in die Welt einer der ikonischsten Automobilmarken.<\/p>","protected":false},"featured_media":211,"comment_status":"open","ping_status":"closed","template":"","meta":[],"product_brand":[],"product_cat":[24,25],"product_tag":[],"class_list":{"0":"post-57","1":"product","2":"type-product","3":"status-publish","4":"has-post-thumbnail","6":"product_cat-cars","7":"product_cat-technic","8":"product_shipping_class-default","10":"first","11":"instock","12":"taxable","13":"shipping-taxable","14":"purchasable","15":"product-type-simple"},"yoast_head":"<!-- This site is optimized with the Yoast SEO plugin v26.2 - https:\/\/yoast.com\/wordpress\/plugins\/seo\/ -->\n<title>Ferrari F355 - Vermont<\/title>\n<meta name=\"robots\" content=\"index, follow, max-snippet:-1, max-image-preview:large, max-video-preview:-1\" \/>\n<link rel=\"canonical\" href=\"https:\/\/vermontmedia.de\/en\/product\/ferrari-f355\/\" \/>\n<meta property=\"og:locale\" content=\"en_US\" \/>\n<meta property=\"og:type\" content=\"article\" \/>\n<meta property=\"og:title\" content=\"Ferrari F355 - Vermont\" \/>\n<meta property=\"og:description\" content=\"Dieses exklusive Ferrari F355 Buch ist keine reine Technikbibel und enth\u00e4lt auch keine garantierten Zahlen, sondern vermittelt auf einzigartige Weise die \u00c4sthetik, Geschichte und Faszination des Ferrari F355. Alle Informationen wurden nach bestem Wissen und Gewissen zusammengestellt, unter anderem mit Unterst\u00fctzung von Ferrari.  Im Vordergrund steht die Design- und Formensprache dieses legend\u00e4ren Sportwagens, die den Ferrari F355 zu einem der begehrtesten Modelle der Marke macht. Auf eine Abbildung des Ferrari F355 GTS wurde bewusst verzichtet, da sich dieses Modell nach Meinung des Autors nicht grundlegend von der Berlinetta unterscheidet.  Im hinteren Teil des Buches werden besonders jene Leser angesprochen, die sich f\u00fcr die Originalit\u00e4t und Authentizit\u00e4t klassischer Ferrari Fahrzeuge interessieren. Hierbei wird detailliert auf die Vorgehensweise von Ferrari eingegangen, wenn f\u00fcr ein Fahrzeug ein offizielles Ferrari Classiche-Zertifikat (das ber\u00fchmte rote Buch im roten Schuber) erstellt werden soll.  Dieses hochwertige Sammlerbuch f\u00fcr Ferrari-Enthusiasten, Oldtimer-Liebhaber und Sportwagen-Fans eignet sich ideal als Geschenk oder Erg\u00e4nzung jeder Automobil-Bibliothek. Ob f\u00fcr Ferrari F355 Besitzer, Motorsport-Freunde oder Design-Interessierte \u2013 dieses Werk bietet spannende Einblicke in die Welt einer der ikonischsten Automobilmarken.\" \/>\n<meta property=\"og:url\" content=\"https:\/\/vermontmedia.de\/en\/product\/ferrari-f355\/\" \/>\n<meta property=\"og:site_name\" content=\"Vermont\" \/>\n<meta property=\"article:modified_time\" content=\"2025-08-22T07:25:54+00:00\" \/>\n<meta property=\"og:image\" content=\"https:\/\/vermontmedia.de\/wp-content\/uploads\/2025\/02\/book_1new2-min.png\" \/>\n\t<meta property=\"og:image:width\" content=\"428\" \/>\n\t<meta property=\"og:image:height\" content=\"590\" \/>\n\t<meta property=\"og:image:type\" content=\"image\/png\" \/>\n<meta name=\"twitter:card\" content=\"summary_large_image\" \/>\n<meta name=\"twitter:label1\" content=\"Est. reading time\" \/>\n\t<meta name=\"twitter:data1\" content=\"1 minute\" \/>\n<script type=\"application\/ld+json\" class=\"yoast-schema-graph\">{\"@context\":\"https:\/\/schema.org\",\"@graph\":[{\"@type\":\"WebPage\",\"@id\":\"https:\/\/vermontmedia.de\/product\/ferrari-f355\/\",\"url\":\"https:\/\/vermontmedia.de\/product\/ferrari-f355\/\",\"name\":\"Ferrari F355 - Vermont\",\"isPartOf\":{\"@id\":\"https:\/\/vermontmedia.de\/#website\"},\"primaryImageOfPage\":{\"@id\":\"https:\/\/vermontmedia.de\/product\/ferrari-f355\/#primaryimage\"},\"image\":{\"@id\":\"https:\/\/vermontmedia.de\/product\/ferrari-f355\/#primaryimage\"},\"thumbnailUrl\":\"https:\/\/vermontmedia.de\/wp-content\/uploads\/2025\/02\/book_1new2-min.png\",\"datePublished\":\"2025-02-27T09:01:05+00:00\",\"dateModified\":\"2025-08-22T07:25:54+00:00\",\"breadcrumb\":{\"@id\":\"https:\/\/vermontmedia.de\/product\/ferrari-f355\/#breadcrumb\"},\"inLanguage\":\"en-US\",\"potentialAction\":[{\"@type\":\"ReadAction\",\"target\":[\"https:\/\/vermontmedia.de\/product\/ferrari-f355\/\"]}]},{\"@type\":\"ImageObject\",\"inLanguage\":\"en-US\",\"@id\":\"https:\/\/vermontmedia.de\/product\/ferrari-f355\/#primaryimage\",\"url\":\"https:\/\/vermontmedia.de\/wp-content\/uploads\/2025\/02\/book_1new2-min.png\",\"contentUrl\":\"https:\/\/vermontmedia.de\/wp-content\/uploads\/2025\/02\/book_1new2-min.png\",\"width\":428,\"height\":590},{\"@type\":\"BreadcrumbList\",\"@id\":\"https:\/\/vermontmedia.de\/product\/ferrari-f355\/#breadcrumb\",\"itemListElement\":[{\"@type\":\"ListItem\",\"position\":1,\"name\":\"Home\",\"item\":\"https:\/\/vermontmedia.de\/\"},{\"@type\":\"ListItem\",\"position\":2,\"name\":\"Produkte\",\"item\":\"https:\/\/vermontmedia.de\/shop\/\"},{\"@type\":\"ListItem\",\"position\":3,\"name\":\"Ferrari F355\"}]},{\"@type\":\"WebSite\",\"@id\":\"https:\/\/vermontmedia.de\/#website\",\"url\":\"https:\/\/vermontmedia.de\/\",\"name\":\"Vermont\",\"description\":\"Vermont\",\"potentialAction\":[{\"@type\":\"SearchAction\",\"target\":{\"@type\":\"EntryPoint\",\"urlTemplate\":\"https:\/\/vermontmedia.de\/?s={search_term_string}\"},\"query-input\":{\"@type\":\"PropertyValueSpecification\",\"valueRequired\":true,\"valueName\":\"search_term_string\"}}],\"inLanguage\":\"en-US\"}]}<\/script>\n<!-- \/ Yoast SEO plugin. -->","yoast_head_json":{"title":"Ferrari F355 - Vermont","robots":{"index":"index","follow":"follow","max-snippet":"max-snippet:-1","max-image-preview":"max-image-preview:large","max-video-preview":"max-video-preview:-1"},"canonical":"https:\/\/vermontmedia.de\/en\/product\/ferrari-f355\/","og_locale":"en_US","og_type":"article","og_title":"Ferrari F355 - Vermont","og_description":"Dieses exklusive Ferrari F355 Buch ist keine reine Technikbibel und enth\u00e4lt auch keine garantierten Zahlen, sondern vermittelt auf einzigartige Weise die \u00c4sthetik, Geschichte und Faszination des Ferrari F355. Alle Informationen wurden nach bestem Wissen und Gewissen zusammengestellt, unter anderem mit Unterst\u00fctzung von Ferrari.  Im Vordergrund steht die Design- und Formensprache dieses legend\u00e4ren Sportwagens, die den Ferrari F355 zu einem der begehrtesten Modelle der Marke macht. Auf eine Abbildung des Ferrari F355 GTS wurde bewusst verzichtet, da sich dieses Modell nach Meinung des Autors nicht grundlegend von der Berlinetta unterscheidet.  Im hinteren Teil des Buches werden besonders jene Leser angesprochen, die sich f\u00fcr die Originalit\u00e4t und Authentizit\u00e4t klassischer Ferrari Fahrzeuge interessieren. Hierbei wird detailliert auf die Vorgehensweise von Ferrari eingegangen, wenn f\u00fcr ein Fahrzeug ein offizielles Ferrari Classiche-Zertifikat (das ber\u00fchmte rote Buch im roten Schuber) erstellt werden soll.  Dieses hochwertige Sammlerbuch f\u00fcr Ferrari-Enthusiasten, Oldtimer-Liebhaber und Sportwagen-Fans eignet sich ideal als Geschenk oder Erg\u00e4nzung jeder Automobil-Bibliothek. Ob f\u00fcr Ferrari F355 Besitzer, Motorsport-Freunde oder Design-Interessierte \u2013 dieses Werk bietet spannende Einblicke in die Welt einer der ikonischsten Automobilmarken.","og_url":"https:\/\/vermontmedia.de\/en\/product\/ferrari-f355\/","og_site_name":"Vermont","article_modified_time":"2025-08-22T07:25:54+00:00","og_image":[{"width":428,"height":590,"url":"https:\/\/vermontmedia.de\/wp-content\/uploads\/2025\/02\/book_1new2-min.png","type":"image\/png"}],"twitter_card":"summary_large_image","twitter_misc":{"Est. reading time":"1 minute"},"schema":{"@context":"https:\/\/schema.org","@graph":[{"@type":"WebPage","@id":"https:\/\/vermontmedia.de\/product\/ferrari-f355\/","url":"https:\/\/vermontmedia.de\/product\/ferrari-f355\/","name":"Ferrari F355 - Vermont","isPartOf":{"@id":"https:\/\/vermontmedia.de\/#website"},"primaryImageOfPage":{"@id":"https:\/\/vermontmedia.de\/product\/ferrari-f355\/#primaryimage"},"image":{"@id":"https:\/\/vermontmedia.de\/product\/ferrari-f355\/#primaryimage"},"thumbnailUrl":"https:\/\/vermontmedia.de\/wp-content\/uploads\/2025\/02\/book_1new2-min.png","datePublished":"2025-02-27T09:01:05+00:00","dateModified":"2025-08-22T07:25:54+00:00","breadcrumb":{"@id":"https:\/\/vermontmedia.de\/product\/ferrari-f355\/#breadcrumb"},"inLanguage":"en-US","potentialAction":[{"@type":"ReadAction","target":["https:\/\/vermontmedia.de\/product\/ferrari-f355\/"]}]},{"@type":"ImageObject","inLanguage":"en-US","@id":"https:\/\/vermontmedia.de\/product\/ferrari-f355\/#primaryimage","url":"https:\/\/vermontmedia.de\/wp-content\/uploads\/2025\/02\/book_1new2-min.png","contentUrl":"https:\/\/vermontmedia.de\/wp-content\/uploads\/2025\/02\/book_1new2-min.png","width":428,"height":590},{"@type":"BreadcrumbList","@id":"https:\/\/vermontmedia.de\/product\/ferrari-f355\/#breadcrumb","itemListElement":[{"@type":"ListItem","position":1,"name":"Home","item":"https:\/\/vermontmedia.de\/"},{"@type":"ListItem","position":2,"name":"Produkte","item":"https:\/\/vermontmedia.de\/shop\/"},{"@type":"ListItem","position":3,"name":"Ferrari F355"}]},{"@type":"WebSite","@id":"https:\/\/vermontmedia.de\/#website","url":"https:\/\/vermontmedia.de\/","name":"Vermont","description":"Vermont","potentialAction":[{"@type":"SearchAction","target":{"@type":"EntryPoint","urlTemplate":"https:\/\/vermontmedia.de\/?s={search_term_string}"},"query-input":{"@type":"PropertyValueSpecification","valueRequired":true,"valueName":"search_term_string"}}],"inLanguage":"en-US"}]}},"_links":{"self":[{"href":"https:\/\/vermontmedia.de\/en\/wp-json\/wp\/v2\/product\/57","targetHints":{"allow":["GET"]}}],"collection":[{"href":"https:\/\/vermontmedia.de\/en\/wp-json\/wp\/v2\/product"}],"about":[{"href":"https:\/\/vermontmedia.de\/en\/wp-json\/wp\/v2\/types\/product"}],"replies":[{"embeddable":true,"href":"https:\/\/vermontmedia.de\/en\/wp-json\/wp\/v2\/comments?post=57"}],"version-history":[{"count":3,"href":"https:\/\/vermontmedia.de\/en\/wp-json\/wp\/v2\/product\/57\/revisions"}],"predecessor-version":[{"id":372,"href":"https:\/\/vermontmedia.de\/en\/wp-json\/wp\/v2\/product\/57\/revisions\/372"}],"wp:featuredmedia":[{"embeddable":true,"href":"https:\/\/vermontmedia.de\/en\/wp-json\/wp\/v2\/media\/211"}],"wp:attachment":[{"href":"https:\/\/vermontmedia.de\/en\/wp-json\/wp\/v2\/media?parent=57"}],"wp:term":[{"taxonomy":"product_brand","embeddable":true,"href":"https:\/\/vermontmedia.de\/en\/wp-json\/wp\/v2\/product_brand?post=57"},{"taxonomy":"product_cat","embeddable":true,"href":"https:\/\/vermontmedia.de\/en\/wp-json\/wp\/v2\/product_cat?post=57"},{"taxonomy":"product_tag","embeddable":true,"href":"https:\/\/vermontmedia.de\/en\/wp-json\/wp\/v2\/product_tag?post=57"}],"curies":[{"name":"wp","href":"https:\/\/api.w.org\/{rel}","templated":true}]}}